{"id":1111,"date":"2025-11-10T15:26:00","date_gmt":"2025-11-10T14:26:00","guid":{"rendered":"https:\/\/upbeat-jemison.46-202-175-195.plesk.page\/hazte-socio\/"},"modified":"2025-11-21T20:08:48","modified_gmt":"2025-11-21T19:08:48","slug":"hazte-socio","status":"publish","type":"page","link":"https:\/\/womenrisingforafrica.org\/es\/hazte-socio\/","title":{"rendered":"Hazte socio"},"content":{"rendered":"\t\t<div data-elementor-type=\"wp-page\" data-elementor-id=\"1111\" class=\"elementor elementor-1111 elementor-56\" data-elementor-post-type=\"page\">\n\t\t\t\t<div class=\"elementor-element elementor-element-7fe5501 e-con-full e-flex e-con e-parent\" data-id=\"7fe5501\" data-element_type=\"container\" data-settings=\"{&quot;background_background&quot;:&quot;classic&quot;}\">\n\t\t\t\t<\/div>\n\t\t<div class=\"elementor-element elementor-element-b9bd5a9 e-flex e-con-boxed e-con e-parent\" data-id=\"b9bd5a9\" data-element_type=\"container\">\n\t\t\t\t\t<div class=\"e-con-inner\">\n\t\t<div class=\"elementor-element elementor-element-8f243d7 e-con-full e-flex e-con e-child\" data-id=\"8f243d7\" data-element_type=\"container\">\n\t\t\t\t<div class=\"elementor-element elementor-element-5f8996d elementor-widget elementor-widget-heading\" data-id=\"5f8996d\" data-element_type=\"widget\" data-widget_type=\"heading.default\">\n\t\t\t\t\t<p class=\"elementor-heading-title elementor-size-default\">Colabora<\/p>\t\t\t\t<\/div>\n\t\t\t\t<div class=\"elementor-element elementor-element-2fbc15f elementor-widget elementor-widget-heading\" data-id=\"2fbc15f\" data-element_type=\"widget\" data-widget_type=\"heading.default\">\n\t\t\t\t\t<h1 class=\"elementor-heading-title elementor-size-default\">Hazte socio<\/h1>\t\t\t\t<\/div>\n\t\t\t\t<div class=\"elementor-element elementor-element-314c8a8 elementor-widget elementor-widget-text-editor\" data-id=\"314c8a8\" data-element_type=\"widget\" data-widget_type=\"text-editor.default\">\n\t\t\t\t\t\t\t\t\t<p>El compromiso de realizar contribuciones peri\u00f3dicas garantiza una ayuda estable, lo que nos permite continuar con nuestros programas de empoderamiento y sostenibilidad para las mujeres.<\/p><p>Women Rising for Africa cree que la participaci\u00f3n de las mujeres en los distintos sectores econ\u00f3micos, pol\u00edticos, sociales y medioambientales es la clave para lograr un desarrollo humano sostenible. Al ser socio, formar\u00e1s parte de nuestra comunidad y te mantendremos informado regularmente sobre nuestros avances y logros. Tambi\u00e9n valoramos tus comentarios e ideas.<\/p><p>Ay\u00fadanos a ayudar a las mujeres de Uganda, haz tu donaci\u00f3n ahora, forma parte del crecimiento, forma parte de nuestra comunidad, de nuestra causa, s\u00e9 el cambio.<\/p>\t\t\t\t\t\t\t\t<\/div>\n\t\t\t\t<div class=\"elementor-element elementor-element-4a00d2e elementor-widget elementor-widget-heading\" data-id=\"4a00d2e\" data-element_type=\"widget\" data-widget_type=\"heading.default\">\n\t\t\t\t\t<p class=\"elementor-heading-title elementor-size-default\">Gracias por tu donaci\u00f3n mensual y por apoyar nuestra causa. Bienvenido a nuestra comunidad.<\/p>\t\t\t\t<\/div>\n\t\t<div class=\"elementor-element elementor-element-909f802 e-con-full e-flex e-con e-child\" data-id=\"909f802\" data-element_type=\"container\">\n\t\t\t\t<div class=\"elementor-element elementor-element-1974e50 elementor-widget elementor-widget-heading\" data-id=\"1974e50\" data-element_type=\"widget\" data-widget_type=\"heading.default\">\n\t\t\t\t\t<p class=\"elementor-heading-title elementor-size-default\">BBVA ES44 0182 9344 3202 0199 1060<\/p>\t\t\t\t<\/div>\n\t\t<div class=\"elementor-element elementor-element-202a37b e-con-full e-flex e-con e-child\" data-id=\"202a37b\" data-element_type=\"container\">\n\t\t\t\t<div class=\"elementor-element elementor-element-3d50860 elementor-widget elementor-widget-heading\" data-id=\"3d50860\" data-element_type=\"widget\" data-widget_type=\"heading.default\">\n\t\t\t\t\t<p class=\"elementor-heading-title elementor-size-default\">Beneficiario: Women Rising for Africa<\/p>\t\t\t\t<\/div>\n\t\t\t\t<div class=\"elementor-element elementor-element-e933f38 elementor-widget elementor-widget-heading\" data-id=\"e933f38\" data-element_type=\"widget\" data-widget_type=\"heading.default\">\n\t\t\t\t\t<p class=\"elementor-heading-title elementor-size-default\">Donar ahora mediante transferencia bancaria<\/p>\t\t\t\t<\/div>\n\t\t\t\t<\/div>\n\t\t\t\t<\/div>\n\t\t\t\t<\/div>\n\t\t<div class=\"elementor-element elementor-element-11477a1 e-con-full e-flex e-con e-child\" data-id=\"11477a1\" data-element_type=\"container\">\n\t\t\t\t<div class=\"elementor-element elementor-element-e37400e elementor-widget elementor-widget-shortcode\" data-id=\"e37400e\" data-element_type=\"widget\" data-widget_type=\"shortcode.default\">\n\t\t\t\t\t\t\t<div class=\"elementor-shortcode\"><div class='root-data-givewp-embed' data-form-locale='es_ES' data-form-url='https:\/\/womenrisingforafrica.org\/?post_type=give_forms&amp;p=1336' data-form-view-url='https:\/\/womenrisingforafrica.org\/es\/?givewp-route=donation-form-view&amp;form-id=1336' data-src='https:\/\/womenrisingforafrica.org\/es\/?givewp-route=donation-form-view&amp;form-id=1336' data-givewp-embed-id='give-form-shortcode-1' data-form-format='' data-open-form-button='Donar ahora' style='--givewp-primary-color: ; --givewp-secondary-color: ;'><\/div><\/div>\n\t\t\t\t\t\t<\/div>\n\t\t\t\t<\/div>\n\t\t\t\t\t<\/div>\n\t\t\t\t<\/div>\n\t\t\t\t<\/div>\n\t\t","protected":false},"excerpt":{"rendered":"<p>Colabora Hazte socio El compromiso de realizar contribuciones peri\u00f3dicas garantiza una ayuda estable, lo que nos permite continuar con nuestros programas de empoderamiento y sostenibilidad para las mujeres. Women Rising for Africa cree que la participaci\u00f3n de las mujeres en los distintos sectores econ\u00f3micos, pol\u00edticos, sociales y medioambientales es la clave para lograr un desarrollo [&hellip;]<\/p>\n","protected":false},"author":1,"featured_media":0,"parent":0,"menu_order":0,"comment_status":"closed","ping_status":"closed","template":"","meta":{"_acf_changed":false,"give_campaign_id":0,"footnotes":""},"class_list":["post-1111","page","type-page","status-publish","hentry"],"acf":[],"campaignId":"","_links":{"self":[{"href":"https:\/\/womenrisingforafrica.org\/es\/wp-json\/wp\/v2\/pages\/1111","targetHints":{"allow":["GET"]}}],"collection":[{"href":"https:\/\/womenrisingforafrica.org\/es\/wp-json\/wp\/v2\/pages"}],"about":[{"href":"https:\/\/womenrisingforafrica.org\/es\/wp-json\/wp\/v2\/types\/page"}],"author":[{"embeddable":true,"href":"https:\/\/womenrisingforafrica.org\/es\/wp-json\/wp\/v2\/users\/1"}],"replies":[{"embeddable":true,"href":"https:\/\/womenrisingforafrica.org\/es\/wp-json\/wp\/v2\/comments?post=1111"}],"version-history":[{"count":10,"href":"https:\/\/womenrisingforafrica.org\/es\/wp-json\/wp\/v2\/pages\/1111\/revisions"}],"predecessor-version":[{"id":1345,"href":"https:\/\/womenrisingforafrica.org\/es\/wp-json\/wp\/v2\/pages\/1111\/revisions\/1345"}],"wp:attachment":[{"href":"https:\/\/womenrisingforafrica.org\/es\/wp-json\/wp\/v2\/media?parent=1111"}],"curies":[{"name":"wp","href":"https:\/\/api.w.org\/{rel}","templated":true}]}}